{"id":20214,"date":"2025-01-17T11:47:37","date_gmt":"2025-01-17T11:47:37","guid":{"rendered":"https:\/\/www.boyam.sn\/?page_id=20214"},"modified":"2025-01-17T12:05:51","modified_gmt":"2025-01-17T12:05:51","slug":"formulaire-dinscription-club-professionnel","status":"publish","type":"page","link":"https:\/\/boyam.sn\/index.php\/formulaire-dinscription-club-professionnel\/","title":{"rendered":"FORMULAIRE D&#8217;INSCRIPTION CLUB PROFESSIONNEL"},"content":{"rendered":"\t\t<div data-elementor-type=\"wp-page\" data-elementor-id=\"20214\" class=\"elementor elementor-20214\">\n\t\t\t\t<div class=\"elementor-element elementor-element-4ac84754 e-flex e-con-boxed e-con e-parent\" data-id=\"4ac84754\" data-element_type=\"container\">\n\t\t\t\t\t<div class=\"e-con-inner\">\n\t\t\t\t<div class=\"elementor-element elementor-element-6f27125 elementor-widget elementor-widget-text-editor\" data-id=\"6f27125\" data-element_type=\"widget\" data-widget_type=\"text-editor.default\">\n\t\t\t\t<div class=\"elementor-widget-container\">\n\t\t\t\t\t\t\t\t\t<h4><strong>Inscrivez-vous d\u00e8s maintenant en remplissant ce formulaire pour rejoindre notre communaut\u00e9 et profiter de tous nos services !<\/strong><\/h4>\t\t\t\t\t\t\t\t<\/div>\n\t\t\t\t<\/div>\n\t\t\t\t<div class=\"elementor-element elementor-element-3059723a elementor-widget elementor-widget-shortcode\" data-id=\"3059723a\" data-element_type=\"widget\" data-widget_type=\"shortcode.default\">\n\t\t\t\t<div class=\"elementor-widget-container\">\n\t\t\t\t\t\t\t<div class=\"elementor-shortcode\"><div class=\"wpforms-container wpforms-container-full wpforms-render-modern\" id=\"wpforms-20210\"><form id=\"wpforms-form-20210\" class=\"wpforms-validate wpforms-form wpforms-ajax-form\" data-formid=\"20210\" method=\"post\" enctype=\"multipart\/form-data\" action=\"\/index.php\/wp-json\/wp\/v2\/pages\/20214\" data-token=\"0b881292fc723863bd446a5ade5eff07\" data-token-time=\"1776960994\"><noscript class=\"wpforms-error-noscript\">Veuillez activer JavaScript dans votre navigateur pour remplir ce formulaire.<\/noscript><div class=\"wpforms-hidden\" id=\"wpforms-error-noscript\">Veuillez activer JavaScript dans votre navigateur pour remplir ce formulaire.<\/div><div class=\"wpforms-field-container\"><div id=\"wpforms-20210-field_1-container\" class=\"wpforms-field wpforms-field-name\" data-field-id=\"1\"><fieldset><legend class=\"wpforms-field-label\">Pr\u00e9nom et Nom <span class=\"wpforms-required-label\" aria-hidden=\"true\">*<\/span><\/legend><div class=\"wpforms-field-row wpforms-field-medium\"><div class=\"wpforms-field-row-block wpforms-first wpforms-one-half\"><input type=\"text\" id=\"wpforms-20210-field_1\" class=\"wpforms-field-name-first wpforms-field-required\" name=\"wpforms[fields][1][first]\" aria-errormessage=\"wpforms-20210-field_1-error\" required><label for=\"wpforms-20210-field_1\" class=\"wpforms-field-sublabel after\">Pr\u00e9nom<\/label><\/div><div class=\"wpforms-field-row-block wpforms-one-half\"><input type=\"text\" id=\"wpforms-20210-field_1-last\" class=\"wpforms-field-name-last wpforms-field-required\" name=\"wpforms[fields][1][last]\" aria-errormessage=\"wpforms-20210-field_1-last-error\" required><label for=\"wpforms-20210-field_1-last\" class=\"wpforms-field-sublabel after\">Nom<\/label><\/div><\/div><\/fieldset><\/div><div id=\"wpforms-20210-field_7-container\" class=\"wpforms-field wpforms-field-number\" data-field-id=\"7\"><label class=\"wpforms-field-label\" for=\"wpforms-20210-field_7\">Num\u00e9ro de t\u00e9l\u00e9phone <span class=\"wpforms-required-label\" aria-hidden=\"true\">*<\/span><\/label><input type=\"number\" id=\"wpforms-20210-field_7\" class=\"wpforms-field-medium wpforms-field-required\" name=\"wpforms[fields][7]\" aria-errormessage=\"wpforms-20210-field_7-error\" required><\/div><div id=\"wpforms-20210-field_12-container\" class=\"wpforms-field wpforms-field-text\" data-field-id=\"12\"><label class=\"wpforms-field-label\" for=\"wpforms-20210-field_12\">Etes vous alumni de l&#039;iab  ? ( quel cohorte ? ) <span class=\"wpforms-required-label\" aria-hidden=\"true\">*<\/span><\/label><input type=\"text\" id=\"wpforms-20210-field_12\" class=\"wpforms-field-medium wpforms-field-required\" name=\"wpforms[fields][12]\" aria-errormessage=\"wpforms-20210-field_12-error\" required><\/div><div id=\"wpforms-20210-field_5-container\" class=\"wpforms-field wpforms-field-text\" data-field-id=\"5\"><label class=\"wpforms-field-label\" for=\"wpforms-20210-field_5\">R\u00e9gion <span class=\"wpforms-required-label\" aria-hidden=\"true\">*<\/span><\/label><input type=\"text\" id=\"wpforms-20210-field_5\" class=\"wpforms-field-medium wpforms-field-required\" name=\"wpforms[fields][5]\" aria-errormessage=\"wpforms-20210-field_5-error\" required><\/div><div id=\"wpforms-20210-field_6-container\" class=\"wpforms-field wpforms-field-number\" data-field-id=\"6\"><label class=\"wpforms-field-label\" for=\"wpforms-20210-field_6\">Nombre d&#039;ann\u00e9e d&#039;exp\u00e9rience dans les m\u00e9tiers de la petite enfance <span class=\"wpforms-required-label\" aria-hidden=\"true\">*<\/span><\/label><input type=\"number\" id=\"wpforms-20210-field_6\" class=\"wpforms-field-medium wpforms-field-required\" name=\"wpforms[fields][6]\" aria-errormessage=\"wpforms-20210-field_6-error\" required><\/div><div id=\"wpforms-20210-field_9-container\" class=\"wpforms-field wpforms-field-checkbox\" data-field-id=\"9\"><fieldset><legend class=\"wpforms-field-label\">Etes vous int\u00e9ress\u00e9 par les cours online ou offline ? <span class=\"wpforms-required-label\" aria-hidden=\"true\">*<\/span><\/legend><ul id=\"wpforms-20210-field_9\" class=\"wpforms-field-required\"><li class=\"choice-1 depth-1\"><input type=\"checkbox\" id=\"wpforms-20210-field_9_1\" name=\"wpforms[fields][9][]\" value=\"Oui\" aria-errormessage=\"wpforms-20210-field_9_1-error\" required ><label class=\"wpforms-field-label-inline\" for=\"wpforms-20210-field_9_1\">Oui<\/label><\/li><li class=\"choice-2 depth-1\"><input type=\"checkbox\" id=\"wpforms-20210-field_9_2\" name=\"wpforms[fields][9][]\" value=\"Non\" aria-errormessage=\"wpforms-20210-field_9_2-error\" required ><label class=\"wpforms-field-label-inline\" for=\"wpforms-20210-field_9_2\">Non<\/label><\/li><\/ul><\/fieldset><\/div><div id=\"wpforms-20210-field_10-container\" class=\"wpforms-field wpforms-field-text\" data-field-id=\"10\"><label class=\"wpforms-field-label\" for=\"wpforms-20210-field_10\">Quel sont les activit\u00e9s qui pourraient vous int\u00e9resser ? <span class=\"wpforms-required-label\" aria-hidden=\"true\">*<\/span><\/label><input type=\"text\" id=\"wpforms-20210-field_10\" class=\"wpforms-field-medium wpforms-field-required\" name=\"wpforms[fields][10]\" aria-errormessage=\"wpforms-20210-field_10-error\" required><\/div><\/div><!-- .wpforms-field-container --><div class=\"wpforms-submit-container\" ><input type=\"hidden\" name=\"wpforms[id]\" value=\"20210\"><input type=\"hidden\" name=\"page_title\" value=\"\"><input type=\"hidden\" name=\"page_url\" value=\"https:\/\/boyam.sn\/index.php\/wp-json\/wp\/v2\/pages\/20214\"><button type=\"submit\" name=\"wpforms[submit]\" id=\"wpforms-submit-20210\" class=\"wpforms-submit\" data-alt-text=\"Envoi...\" data-submit-text=\"Envoyer\" aria-live=\"assertive\" value=\"wpforms-submit\">Envoyer<\/button><img decoding=\"async\" src=\"https:\/\/boyam.sn\/wp-content\/plugins\/wpforms-lite\/assets\/images\/submit-spin.svg\" class=\"wpforms-submit-spinner\" style=\"display: none;\" width=\"26\" height=\"26\" alt=\"Chargement en cours\"><\/div><\/form><\/div>  <!-- .wpforms-container --><\/div>\n\t\t\t\t\t\t<\/div>\n\t\t\t\t<\/div>\n\t\t\t\t\t<\/div>\n\t\t\t\t<\/div>\n\t\t\t\t<\/div>\n\t\t","protected":false},"excerpt":{"rendered":"<p>Inscrivez-vous d\u00e8s maintenant en remplissant ce formulaire pour rejoindre notre communaut\u00e9 et profiter de tous nos services !<\/p>\n","protected":false},"author":2,"featured_media":0,"parent":0,"menu_order":0,"comment_status":"closed","ping_status":"closed","template":"","meta":{"om_disable_all_campaigns":false,"inline_featured_image":false,"_monsterinsights_skip_tracking":false,"_monsterinsights_sitenote_active":false,"_monsterinsights_sitenote_note":"","_monsterinsights_sitenote_category":0,"_uf_show_specific_survey":0,"_uf_disable_surveys":false,"footnotes":""},"class_list":["post-20214","page","type-page","status-publish","hentry"],"aioseo_notices":[],"_links":{"self":[{"href":"https:\/\/boyam.sn\/index.php\/wp-json\/wp\/v2\/pages\/20214","targetHints":{"allow":["GET"]}}],"collection":[{"href":"https:\/\/boyam.sn\/index.php\/wp-json\/wp\/v2\/pages"}],"about":[{"href":"https:\/\/boyam.sn\/index.php\/wp-json\/wp\/v2\/types\/page"}],"author":[{"embeddable":true,"href":"https:\/\/boyam.sn\/index.php\/wp-json\/wp\/v2\/users\/2"}],"replies":[{"embeddable":true,"href":"https:\/\/boyam.sn\/index.php\/wp-json\/wp\/v2\/comments?post=20214"}],"version-history":[{"count":4,"href":"https:\/\/boyam.sn\/index.php\/wp-json\/wp\/v2\/pages\/20214\/revisions"}],"predecessor-version":[{"id":20218,"href":"https:\/\/boyam.sn\/index.php\/wp-json\/wp\/v2\/pages\/20214\/revisions\/20218"}],"wp:attachment":[{"href":"https:\/\/boyam.sn\/index.php\/wp-json\/wp\/v2\/media?parent=20214"}],"curies":[{"name":"wp","href":"https:\/\/api.w.org\/{rel}","templated":true}]}}