{"id":20243,"date":"2025-01-17T12:40:28","date_gmt":"2025-01-17T12:40:28","guid":{"rendered":"https:\/\/www.boyam.sn\/?page_id=20243"},"modified":"2025-01-17T12:43:13","modified_gmt":"2025-01-17T12:43:13","slug":"formulaire-dinscription-du-boyam","status":"publish","type":"page","link":"https:\/\/boyam.sn\/index.php\/formulaire-dinscription-du-boyam\/","title":{"rendered":"FORMULAIRE D&#8217;INSCRIPTION DU BOYAM"},"content":{"rendered":"\t\t<div data-elementor-type=\"wp-page\" data-elementor-id=\"20243\" class=\"elementor elementor-20243\">\n\t\t\t\t<div class=\"elementor-element elementor-element-15414437 e-flex e-con-boxed e-con e-parent\" data-id=\"15414437\" data-element_type=\"container\">\n\t\t\t\t\t<div class=\"e-con-inner\">\n\t\t\t\t<div class=\"elementor-element elementor-element-fee9d8f elementor-widget elementor-widget-text-editor\" data-id=\"fee9d8f\" data-element_type=\"widget\" data-widget_type=\"text-editor.default\">\n\t\t\t\t<div class=\"elementor-widget-container\">\n\t\t\t\t\t\t\t\t\t<h4>Inscrivez votre enfant d\u00e8s aujourd&#8217;hui en remplissant ce formulaire et offrez-lui un environnement s\u00fbr, \u00e9ducatif et \u00e9panouissant !<\/h4>\t\t\t\t\t\t\t\t<\/div>\n\t\t\t\t<\/div>\n\t\t\t\t<div class=\"elementor-element elementor-element-18650218 elementor-widget elementor-widget-shortcode\" data-id=\"18650218\" data-element_type=\"widget\" data-widget_type=\"shortcode.default\">\n\t\t\t\t<div class=\"elementor-widget-container\">\n\t\t\t\t\t\t\t<div class=\"elementor-shortcode\"><div class=\"wpforms-container wpforms-container-full wpforms-render-modern\" id=\"wpforms-20240\"><form id=\"wpforms-form-20240\" class=\"wpforms-validate wpforms-form wpforms-ajax-form\" data-formid=\"20240\" method=\"post\" enctype=\"multipart\/form-data\" action=\"\/index.php\/wp-json\/wp\/v2\/pages\/20243\" data-token=\"3458a4565c993807b637848eb9b0b78d\" data-token-time=\"1777883880\"><noscript class=\"wpforms-error-noscript\">Veuillez activer JavaScript dans votre navigateur pour remplir ce formulaire.<\/noscript><div class=\"wpforms-hidden\" id=\"wpforms-error-noscript\">Veuillez activer JavaScript dans votre navigateur pour remplir ce formulaire.<\/div><div class=\"wpforms-field-container\"><div id=\"wpforms-20240-field_1-container\" class=\"wpforms-field wpforms-field-name\" data-field-id=\"1\"><fieldset><legend class=\"wpforms-field-label\">Nom du p\u00e8re <span class=\"wpforms-required-label\" aria-hidden=\"true\">*<\/span><\/legend><div class=\"wpforms-field-row wpforms-field-medium\"><div class=\"wpforms-field-row-block wpforms-first wpforms-one-half\"><input type=\"text\" id=\"wpforms-20240-field_1\" class=\"wpforms-field-name-first wpforms-field-required\" name=\"wpforms[fields][1][first]\" aria-errormessage=\"wpforms-20240-field_1-error\" required><label for=\"wpforms-20240-field_1\" class=\"wpforms-field-sublabel after\">Pr\u00e9nom<\/label><\/div><div class=\"wpforms-field-row-block wpforms-one-half\"><input type=\"text\" id=\"wpforms-20240-field_1-last\" class=\"wpforms-field-name-last wpforms-field-required\" name=\"wpforms[fields][1][last]\" aria-errormessage=\"wpforms-20240-field_1-last-error\" required><label for=\"wpforms-20240-field_1-last\" class=\"wpforms-field-sublabel after\">Nom<\/label><\/div><\/div><\/fieldset><\/div><div id=\"wpforms-20240-field_4-container\" class=\"wpforms-field wpforms-field-name\" data-field-id=\"4\"><fieldset><legend class=\"wpforms-field-label\">Nom de la m\u00e8re <span class=\"wpforms-required-label\" aria-hidden=\"true\">*<\/span><\/legend><div class=\"wpforms-field-row wpforms-field-medium\"><div class=\"wpforms-field-row-block wpforms-first wpforms-one-half\"><input type=\"text\" id=\"wpforms-20240-field_4\" class=\"wpforms-field-name-first wpforms-field-required\" name=\"wpforms[fields][4][first]\" aria-errormessage=\"wpforms-20240-field_4-error\" required><label for=\"wpforms-20240-field_4\" class=\"wpforms-field-sublabel after\">Pr\u00e9nom<\/label><\/div><div class=\"wpforms-field-row-block wpforms-one-half\"><input type=\"text\" id=\"wpforms-20240-field_4-last\" class=\"wpforms-field-name-last wpforms-field-required\" name=\"wpforms[fields][4][last]\" aria-errormessage=\"wpforms-20240-field_4-last-error\" required><label for=\"wpforms-20240-field_4-last\" class=\"wpforms-field-sublabel after\">Nom<\/label><\/div><\/div><\/fieldset><\/div><div id=\"wpforms-20240-field_6-container\" class=\"wpforms-field wpforms-field-number\" data-field-id=\"6\"><label class=\"wpforms-field-label\" for=\"wpforms-20240-field_6\">Num\u00e9ro de t\u00e9l\u00e9phone<\/label><input type=\"number\" id=\"wpforms-20240-field_6\" class=\"wpforms-field-medium\" name=\"wpforms[fields][6]\" aria-errormessage=\"wpforms-20240-field_6-error\" ><\/div><div id=\"wpforms-20240-field_5-container\" class=\"wpforms-field wpforms-field-text\" data-field-id=\"5\"><label class=\"wpforms-field-label\" for=\"wpforms-20240-field_5\">Adresse<\/label><input type=\"text\" id=\"wpforms-20240-field_5\" class=\"wpforms-field-medium\" name=\"wpforms[fields][5]\" aria-errormessage=\"wpforms-20240-field_5-error\" ><\/div><div id=\"wpforms-20240-field_2-container\" class=\"wpforms-field wpforms-field-email\" data-field-id=\"2\"><label class=\"wpforms-field-label\" for=\"wpforms-20240-field_2\">E-mail <span class=\"wpforms-required-label\" aria-hidden=\"true\">*<\/span><\/label><input type=\"email\" id=\"wpforms-20240-field_2\" class=\"wpforms-field-medium wpforms-field-required\" name=\"wpforms[fields][2]\" spellcheck=\"false\" aria-errormessage=\"wpforms-20240-field_2-error\" required><\/div><div id=\"wpforms-20240-field_7-container\" class=\"wpforms-field wpforms-field-name\" data-field-id=\"7\"><fieldset><legend class=\"wpforms-field-label\">Nom du Boyam <span class=\"wpforms-required-label\" aria-hidden=\"true\">*<\/span><\/legend><div class=\"wpforms-field-row wpforms-field-medium\"><div class=\"wpforms-field-row-block wpforms-first wpforms-one-half\"><input type=\"text\" id=\"wpforms-20240-field_7\" class=\"wpforms-field-name-first wpforms-field-required\" name=\"wpforms[fields][7][first]\" aria-errormessage=\"wpforms-20240-field_7-error\" required><label for=\"wpforms-20240-field_7\" class=\"wpforms-field-sublabel after\">Pr\u00e9nom<\/label><\/div><div class=\"wpforms-field-row-block wpforms-one-half\"><input type=\"text\" id=\"wpforms-20240-field_7-last\" class=\"wpforms-field-name-last wpforms-field-required\" name=\"wpforms[fields][7][last]\" aria-errormessage=\"wpforms-20240-field_7-last-error\" required><label for=\"wpforms-20240-field_7-last\" class=\"wpforms-field-sublabel after\">Nom<\/label><\/div><\/div><\/fieldset><\/div><div id=\"wpforms-20240-field_8-container\" class=\"wpforms-field wpforms-field-number\" data-field-id=\"8\"><label class=\"wpforms-field-label\" for=\"wpforms-20240-field_8\">L&#039;age du BOYAM <span class=\"wpforms-required-label\" aria-hidden=\"true\">*<\/span><\/label><input type=\"number\" id=\"wpforms-20240-field_8\" class=\"wpforms-field-medium wpforms-field-required\" name=\"wpforms[fields][8]\" aria-errormessage=\"wpforms-20240-field_8-error\" required><\/div><div id=\"wpforms-20240-field_9-container\" class=\"wpforms-field wpforms-field-checkbox\" data-field-id=\"9\"><fieldset><legend class=\"wpforms-field-label\">A t il\/elle des fr\u00e8res ou s\u0153urs ?<\/legend><ul id=\"wpforms-20240-field_9\"><li class=\"choice-1 depth-1\"><input type=\"checkbox\" id=\"wpforms-20240-field_9_1\" name=\"wpforms[fields][9][]\" value=\"Oui\" aria-errormessage=\"wpforms-20240-field_9_1-error\"  ><label class=\"wpforms-field-label-inline\" for=\"wpforms-20240-field_9_1\">Oui<\/label><\/li><li class=\"choice-2 depth-1\"><input type=\"checkbox\" id=\"wpforms-20240-field_9_2\" name=\"wpforms[fields][9][]\" value=\"Non\" aria-errormessage=\"wpforms-20240-field_9_2-error\"  ><label class=\"wpforms-field-label-inline\" for=\"wpforms-20240-field_9_2\">Non<\/label><\/li><\/ul><\/fieldset><\/div><\/div><!-- .wpforms-field-container --><div class=\"wpforms-submit-container\" ><input type=\"hidden\" name=\"wpforms[id]\" value=\"20240\"><input type=\"hidden\" name=\"page_title\" value=\"\"><input type=\"hidden\" name=\"page_url\" value=\"https:\/\/boyam.sn\/index.php\/wp-json\/wp\/v2\/pages\/20243\"><button type=\"submit\" name=\"wpforms[submit]\" id=\"wpforms-submit-20240\" class=\"wpforms-submit\" data-alt-text=\"Envoi...\" data-submit-text=\"Envoyer\" aria-live=\"assertive\" value=\"wpforms-submit\">Envoyer<\/button><img decoding=\"async\" src=\"https:\/\/boyam.sn\/wp-content\/plugins\/wpforms-lite\/assets\/images\/submit-spin.svg\" class=\"wpforms-submit-spinner\" style=\"display: none;\" width=\"26\" height=\"26\" alt=\"Chargement en cours\"><\/div><\/form><\/div>  <!-- .wpforms-container --><\/div>\n\t\t\t\t\t\t<\/div>\n\t\t\t\t<\/div>\n\t\t\t\t\t<\/div>\n\t\t\t\t<\/div>\n\t\t\t\t<\/div>\n\t\t","protected":false},"excerpt":{"rendered":"<p>Inscrivez votre enfant d\u00e8s aujourd&#8217;hui en remplissant ce formulaire et offrez-lui un environnement s\u00fbr, \u00e9ducatif et \u00e9panouissant !<\/p>\n","protected":false},"author":2,"featured_media":0,"parent":0,"menu_order":0,"comment_status":"closed","ping_status":"closed","template":"","meta":{"om_disable_all_campaigns":false,"inline_featured_image":false,"_monsterinsights_skip_tracking":false,"_monsterinsights_sitenote_active":false,"_monsterinsights_sitenote_note":"","_monsterinsights_sitenote_category":0,"_uf_show_specific_survey":0,"_uf_disable_surveys":false,"footnotes":""},"class_list":["post-20243","page","type-page","status-publish","hentry"],"aioseo_notices":[],"_links":{"self":[{"href":"https:\/\/boyam.sn\/index.php\/wp-json\/wp\/v2\/pages\/20243","targetHints":{"allow":["GET"]}}],"collection":[{"href":"https:\/\/boyam.sn\/index.php\/wp-json\/wp\/v2\/pages"}],"about":[{"href":"https:\/\/boyam.sn\/index.php\/wp-json\/wp\/v2\/types\/page"}],"author":[{"embeddable":true,"href":"https:\/\/boyam.sn\/index.php\/wp-json\/wp\/v2\/users\/2"}],"replies":[{"embeddable":true,"href":"https:\/\/boyam.sn\/index.php\/wp-json\/wp\/v2\/comments?post=20243"}],"version-history":[{"count":3,"href":"https:\/\/boyam.sn\/index.php\/wp-json\/wp\/v2\/pages\/20243\/revisions"}],"predecessor-version":[{"id":20246,"href":"https:\/\/boyam.sn\/index.php\/wp-json\/wp\/v2\/pages\/20243\/revisions\/20246"}],"wp:attachment":[{"href":"https:\/\/boyam.sn\/index.php\/wp-json\/wp\/v2\/media?parent=20243"}],"curies":[{"name":"wp","href":"https:\/\/api.w.org\/{rel}","templated":true}]}}